{"id":2324,"date":"2022-12-22T23:25:40","date_gmt":"2022-12-22T22:25:40","guid":{"rendered":"https:\/\/ladybaby.sk\/kerjen-idopontot\/"},"modified":"2023-03-23T09:39:36","modified_gmt":"2023-03-23T08:39:36","slug":"kerjen-idopontot","status":"publish","type":"page","link":"https:\/\/ladybaby.sk\/hu\/kerjen-idopontot\/","title":{"rendered":"K\u00e9rjen id\u0151pontot!"},"content":{"rendered":"\t\t<div data-elementor-type=\"wp-page\" data-elementor-id=\"2324\" class=\"elementor elementor-2324 elementor-1830\" data-elementor-post-type=\"page\">\n\t\t\t\t\t\t<section class=\"has_eae_slider elementor-section elementor-top-section elementor-element elementor-element-769816b elementor-section-boxed elementor-section-height-default elementor-section-height-default\" data-eae-slider=\"56532\" data-id=\"769816b\" data-element_type=\"section\" data-settings=\"{&quot;background_background&quot;:&quot;classic&quot;,&quot;jet_parallax_layout_list&quot;:[]}\">\n\t\t\t\t\t\t<div class=\"elementor-container elementor-column-gap-default\">\n\t\t\t\t\t<div class=\"has_eae_slider elementor-column elementor-col-100 elementor-top-column elementor-element elementor-element-5830404\" data-eae-slider=\"98880\" data-id=\"5830404\" data-element_type=\"column\">\n\t\t\t<div class=\"elementor-widget-wrap elementor-element-populated\">\n\t\t\t\t\t\t<section class=\"has_eae_slider elementor-section elementor-inner-section elementor-element elementor-element-c49723d elementor-section-full_width elementor-section-height-min-height elementor-section-height-default\" data-eae-slider=\"24935\" data-id=\"c49723d\" data-element_type=\"section\" data-settings=\"{&quot;jet_parallax_layout_list&quot;:[]}\">\n\t\t\t\t\t\t<div class=\"elementor-container elementor-column-gap-default\">\n\t\t\t\t\t<div class=\"has_eae_slider elementor-column elementor-col-100 elementor-inner-column elementor-element elementor-element-5e67c38\" data-eae-slider=\"3108\" data-dce-background-color=\"#FFFFFF\" data-id=\"5e67c38\" data-element_type=\"column\" data-settings=\"{&quot;background_background&quot;:&quot;classic&quot;}\">\n\t\t\t<div class=\"elementor-widget-wrap elementor-element-populated\">\n\t\t\t\t\t\t<div class=\"elementor-element elementor-element-ec2af87 elementor-widget elementor-widget-contact-form-7\" data-id=\"ec2af87\" data-element_type=\"widget\" id=\"poziadat-o-termin\" data-widget_type=\"contact-form-7.default\">\n\t\t\t\t<div class=\"elementor-widget-container\">\n\t\t\t\t\t<div class=\"elementor-contact-form-7 jet-elements\">\n<div class=\"wpcf7 no-js\" id=\"wpcf7-f2388-o1\" lang=\"hu-HU\" dir=\"ltr\" data-wpcf7-id=\"2388\">\n<div class=\"screen-reader-response\"><p role=\"status\" aria-live=\"polite\" aria-atomic=\"true\"><\/p> <ul><\/ul><\/div>\n<form action=\"\/hu\/wp-json\/wp\/v2\/pages\/2324#wpcf7-f2388-o1\" method=\"post\" class=\"wpcf7-form init\" aria-label=\"Kapcsolatfelv\u00e9teli \u0171rlap\" novalidate=\"novalidate\" data-status=\"init\">\n<fieldset class=\"hidden-fields-container\"><input type=\"hidden\" name=\"_wpcf7\" value=\"2388\" \/><input type=\"hidden\" name=\"_wpcf7_version\" value=\"6.1\" \/><input type=\"hidden\" name=\"_wpcf7_locale\" value=\"hu_HU\" \/><input type=\"hidden\" name=\"_wpcf7_unit_tag\" value=\"wpcf7-f2388-o1\" \/><input type=\"hidden\" name=\"_wpcf7_container_post\" value=\"0\" \/><input type=\"hidden\" name=\"_wpcf7_posted_data_hash\" value=\"\" \/><input type=\"hidden\" name=\"_wpcf7_recaptcha_response\" value=\"\" \/>\n<\/fieldset>\n<div calss=\"ordinacia\">\n\t<p><label> Orvosi rendel\u0151<br \/>\n<span class=\"wpcf7-form-control-wrap\" data-name=\"ordinacia\"><select class=\"wpcf7-form-control wpcf7-select wpcf7-validates-as-required\" aria-required=\"true\" aria-invalid=\"false\" name=\"ordinacia\"><option value=\"\">V\u00e1lasszon orvosi rendel\u0151t<\/option><option value=\"Lady Baby Dunaszerdahely\">Lady Baby Dunaszerdahely<\/option><option value=\"Lady Baby Csilizradv\u00e1ny\">Lady Baby Csilizradv\u00e1ny<\/option><option value=\"Lady Baby Ny\u00e1rasd\">Lady Baby Ny\u00e1rasd<\/option><option value=\"Lady Baby Somorja\">Lady Baby Somorja<\/option><option value=\"Lady Baby Nemes\u00f3csa\">Lady Baby Nemes\u00f3csa<\/option><option value=\"Lady Baby D\u00e9nesdtorcsmis\u00e9rd\">Lady Baby D\u00e9nesdtorcsmis\u00e9rd<\/option><option value=\"Lady Baby Ekecs\">Lady Baby Ekecs<\/option><option value=\"Lady Baby Nagymegyer\">Lady Baby Nagymegyer<\/option><option value=\"Lady Baby Alist\u00e1l\">Lady Baby Alist\u00e1l<\/option><\/select><\/span><br \/>\n<\/label><br \/>\n<label> S\u00fcrg\u0151ss\u00e9g<br \/>\n<span class=\"wpcf7-form-control-wrap\" data-name=\"urgencia\"><span class=\"wpcf7-form-control wpcf7-checkbox\"><span class=\"wpcf7-list-item first last\"><label><input type=\"checkbox\" name=\"urgencia[]\" value=\"S\u00fcrg\u0151s\" \/><span class=\"wpcf7-list-item-label\">S\u00fcrg\u0151s<\/span><\/label><\/span><\/span><\/span><br \/>\n<\/label>\n\t<\/p>\n<\/div>\n<div calss=\"meno-a-priezvisko\">\n\t<p><label> Keresztn\u00e9v<br \/>\n<span class=\"wpcf7-form-control-wrap\" data-name=\"meno\"><input size=\"40\" maxlength=\"400\" class=\"wpcf7-form-control wpcf7-text wpcf7-validates-as-required\" autocomplete=\"given-name\" aria-required=\"true\" aria-invalid=\"false\" value=\"\" type=\"text\" name=\"meno\" \/><\/span><br \/>\n<\/label><br \/>\n<label> Vezet\u00e9kn\u00e9v<br \/>\n<span class=\"wpcf7-form-control-wrap\" data-name=\"priezvisko\"><input size=\"40\" maxlength=\"400\" class=\"wpcf7-form-control wpcf7-text wpcf7-validates-as-required\" autocomplete=\"family-name\" aria-required=\"true\" aria-invalid=\"false\" value=\"\" type=\"text\" name=\"priezvisko\" \/><\/span><br \/>\n<\/label>\n\t<\/p>\n<\/div>\n<div class=\"rc-a-email\">\n\t<p><label> Sz\u00fclet\u00e9si sz\u00e1m<br \/>\n<span class=\"wpcf7-form-control-wrap\" data-name=\"rodne-cislo\"><input size=\"40\" maxlength=\"400\" class=\"wpcf7-form-control wpcf7-text wpcf7-validates-as-required\" aria-required=\"true\" aria-invalid=\"false\" value=\"\" type=\"text\" name=\"rodne-cislo\" \/><\/span><br \/>\n<\/label><br \/>\n<label> E-mail c\u00edm<br \/>\n<span class=\"wpcf7-form-control-wrap\" data-name=\"email\"><input size=\"40\" maxlength=\"400\" class=\"wpcf7-form-control wpcf7-email wpcf7-validates-as-required wpcf7-text wpcf7-validates-as-email\" autocomplete=\"email\" aria-required=\"true\" aria-invalid=\"false\" value=\"\" type=\"email\" name=\"email\" \/><\/span><br \/>\n<\/label>\n\t<\/p>\n<\/div>\n<p><label style=\"width: 100%;> \u00dczenet<br \/>\n<span class=\"wpcf7-form-control-wrap\" data-name=\"your-message\"><textarea cols=\"40\" rows=\"10\" maxlength=\"2000\" class=\"wpcf7-form-control wpcf7-textarea\" aria-invalid=\"false\" name=\"your-message\"><\/textarea><\/span> <\/label>\n<\/p>\n<div class=\"gdpr\">\n\t<p><span class=\"wpcf7-form-control-wrap\" data-name=\"GDPR\"><span class=\"wpcf7-form-control wpcf7-acceptance\"><span class=\"wpcf7-list-item\"><label><input type=\"checkbox\" name=\"GDPR\" value=\"1\" aria-invalid=\"false\" \/><span class=\"wpcf7-list-item-label\">Hozz\u00e1j\u00e1rulok a <a href=\"https:\/\/ladybaby.sk\/ochrana-sukromia\/\">szem\u00e9lyes adatok kezel\u00e9s\u00e9hez<\/a><\/span><\/label><\/span><\/span><\/span>\n\t<\/p>\n<\/div>\n<p><input class=\"wpcf7-form-control wpcf7-submit has-spinner\" type=\"submit\" value=\"K\u00fcld\u00e9s\" \/>\n<\/p><div class=\"wpcf7-response-output\" aria-hidden=\"true\"><\/div>\n<\/form>\n<\/div>\n<\/div>\t\t\t\t<\/div>\n\t\t\t\t<\/div>\n\t\t\t\t\t<\/div>\n\t\t<\/div>\n\t\t\t\t\t<\/div>\n\t\t<\/section>\n\t\t\t\t\t<\/div>\n\t\t<\/div>\n\t\t\t\t\t<\/div>\n\t\t<\/section>\n\t\t\t\t<\/div>\n\t\t","protected":false},"excerpt":{"rendered":"<p>Orvosi rendel\u0151 V\u00e1lasszon orvosi rendel\u0151tLady Baby DunaszerdahelyLady Baby Csilizradv\u00e1nyLady Baby Ny\u00e1rasdLady Baby SomorjaLady Baby Nemes\u00f3csaLady Baby D\u00e9nesdtorcsmis\u00e9rdLady Baby EkecsLady Baby NagymegyerLady Baby Alist\u00e1l S\u00fcrg\u0151ss\u00e9g S\u00fcrg\u0151s Keresztn\u00e9v Vezet\u00e9kn\u00e9v Sz\u00fclet\u00e9si sz\u00e1m E-mail c\u00edm<\/p>\n","protected":false},"author":1,"featured_media":0,"parent":0,"menu_order":0,"comment_status":"closed","ping_status":"closed","template":"","meta":{"_acf_changed":false,"inline_featured_image":false,"footnotes":""},"class_list":["post-2324","page","type-page","status-publish","hentry"],"acf":[],"_links":{"self":[{"href":"https:\/\/ladybaby.sk\/hu\/wp-json\/wp\/v2\/pages\/2324","targetHints":{"allow":["GET"]}}],"collection":[{"href":"https:\/\/ladybaby.sk\/hu\/wp-json\/wp\/v2\/pages"}],"about":[{"href":"https:\/\/ladybaby.sk\/hu\/wp-json\/wp\/v2\/types\/page"}],"author":[{"embeddable":true,"href":"https:\/\/ladybaby.sk\/hu\/wp-json\/wp\/v2\/users\/1"}],"replies":[{"embeddable":true,"href":"https:\/\/ladybaby.sk\/hu\/wp-json\/wp\/v2\/comments?post=2324"}],"version-history":[{"count":0,"href":"https:\/\/ladybaby.sk\/hu\/wp-json\/wp\/v2\/pages\/2324\/revisions"}],"wp:attachment":[{"href":"https:\/\/ladybaby.sk\/hu\/wp-json\/wp\/v2\/media?parent=2324"}],"curies":[{"name":"wp","href":"https:\/\/api.w.org\/{rel}","templated":true}]}}