{"id":2239,"date":"2022-05-23T17:58:31","date_gmt":"2022-05-23T15:58:31","guid":{"rendered":"https:\/\/ladybaby.sk\/nogyogyaszat\/"},"modified":"2023-05-22T11:59:43","modified_gmt":"2023-05-22T09:59:43","slug":"nogyogyaszat","status":"publish","type":"page","link":"https:\/\/ladybaby.sk\/hu\/nogyogyaszat\/","title":{"rendered":"N\u0151gy\u00f3gy\u00e1szat"},"content":{"rendered":"\t\t<div data-elementor-type=\"wp-page\" data-elementor-id=\"2239\" class=\"elementor elementor-2239 elementor-106\" data-elementor-post-type=\"page\">\n\t\t\t\t\t\t<section class=\"has_eae_slider elementor-section elementor-top-section elementor-element elementor-element-f1baeb2 elementor-section-boxed elementor-section-height-default elementor-section-height-default\" data-eae-slider=\"94123\" data-id=\"f1baeb2\" data-element_type=\"section\" data-settings=\"{&quot;jet_parallax_layout_list&quot;:[]}\">\n\t\t\t\t\t\t<div class=\"elementor-container elementor-column-gap-default\">\n\t\t\t\t\t<div class=\"has_eae_slider elementor-column elementor-col-100 elementor-top-column elementor-element elementor-element-8154fcc\" data-eae-slider=\"45726\" data-id=\"8154fcc\" data-element_type=\"column\">\n\t\t\t<div class=\"elementor-widget-wrap elementor-element-populated\">\n\t\t\t\t\t\t<div class=\"elementor-element elementor-element-997c5e5 elementor-widget elementor-widget-text-editor\" data-id=\"997c5e5\" data-element_type=\"widget\" data-widget_type=\"text-editor.default\">\n\t\t\t\t<div class=\"elementor-widget-container\">\n\t\t\t\t\t\t\t\t\t<p>A n\u0151i szervezet a term\u00e9szet egyik val\u00f3di csod\u00e1ja. \u00c9ppen ez\u00e9rt k\u00f6telezt\u00fck el magunkat a n\u0151i szervezet v\u00e9delme mellett \u00e9s tesz\u00fcnk \u00e9rte a h\u00e9t minden napj\u00e1n. Legyen sz\u00f3 \u00e1ltal\u00e1nos n\u0151gy\u00f3gy\u00e1szati sz\u0171r\u0151vizsg\u00e1latokr\u00f3l vagy n\u0151gy\u00f3gy\u00e1szati kivizsg\u00e1l\u00e1sr\u00f3l \u00e9s kezel\u00e9sr\u0151l, hozz\u00e1nk bizalommal fordulhat.<\/p><h3><strong>N\u0151gy\u00f3gy\u00e1szati sz\u0171r\u0151vizsg\u00e1latok<\/strong><\/h3><p>A rendszeres n\u0151gy\u00f3gy\u00e1szati sz\u0171r\u0151vizsg\u00e1lat kiemelten fontos a n\u0151i eg\u00e9szs\u00e9g meg\u0151rz\u00e9s\u00e9nek c\u00e9lj\u00e1b\u00f3l, hiszen ezek els\u0151dleges c\u00e9lja a fert\u0151z\u00e9sek \u00e9s szervi elv\u00e1ltoz\u00e1sok kisz\u0171r\u00e9se mellett a kialakul\u00f3 betegs\u00e9gek, mint p\u00e9ld\u00e1ul a r\u00e1k id\u0151beni felismer\u00e9se. A rendszeres n\u0151gy\u00f3gy\u00e1szati sz\u0171r\u0151vizsg\u00e1lat kiemelten fontos a n\u0151i eg\u00e9szs\u00e9g meg\u0151rz\u00e9s\u00e9nek c\u00e9lj\u00e1b\u00f3l, hiszen ezek els\u0151dleges c\u00e9lja a fert\u0151z\u00e9sek \u00e9s szervi elv\u00e1ltoz\u00e1sok kisz\u0171r\u00e9se mellett a kialakul\u00f3 betegs\u00e9gek, mint p\u00e9ld\u00e1ul a r\u00e1k id\u0151beni felismer\u00e9se.<\/p>\t\t\t\t\t\t\t\t<\/div>\n\t\t\t\t<\/div>\n\t\t\t\t\t<\/div>\n\t\t<\/div>\n\t\t\t\t\t<\/div>\n\t\t<\/section>\n\t\t\t\t<section class=\"has_eae_slider elementor-section elementor-top-section elementor-element elementor-element-f78cc07 elementor-section-boxed elementor-section-height-default elementor-section-height-default\" data-eae-slider=\"1852\" data-id=\"f78cc07\" data-element_type=\"section\" data-settings=\"{&quot;background_background&quot;:&quot;classic&quot;,&quot;jet_parallax_layout_list&quot;:[]}\">\n\t\t\t\t\t\t<div class=\"elementor-container elementor-column-gap-default\">\n\t\t\t\t\t<div class=\"has_eae_slider elementor-column elementor-col-100 elementor-top-column elementor-element elementor-element-9393677\" data-eae-slider=\"54513\" data-id=\"9393677\" data-element_type=\"column\" data-settings=\"{&quot;background_background&quot;:&quot;classic&quot;}\">\n\t\t\t<div class=\"elementor-widget-wrap elementor-element-populated\">\n\t\t\t\t\t\t<section class=\"has_eae_slider elementor-section elementor-inner-section elementor-element elementor-element-979e75e elementor-section-full_width elementor-section-height-default elementor-section-height-default\" data-eae-slider=\"83331\" data-id=\"979e75e\" data-element_type=\"section\" data-settings=\"{&quot;jet_parallax_layout_list&quot;:[]}\">\n\t\t\t\t\t\t<div class=\"elementor-container elementor-column-gap-default\">\n\t\t\t\t\t<div class=\"has_eae_slider elementor-column elementor-col-50 elementor-inner-column elementor-element elementor-element-1d76083\" data-eae-slider=\"50075\" data-id=\"1d76083\" data-element_type=\"column\">\n\t\t\t<div class=\"elementor-widget-wrap elementor-element-populated\">\n\t\t\t\t\t\t<div class=\"elementor-element elementor-element-aee6684 elementor-widget elementor-widget-heading\" data-id=\"aee6684\" data-element_type=\"widget\" data-widget_type=\"heading.default\">\n\t\t\t\t<div class=\"elementor-widget-container\">\n\t\t\t\t\t<h2 class=\"elementor-heading-title elementor-size-default\">Aj\u00e1nlott sz\u0171r\u0151vizsg\u00e1lataink:<\/h2>\t\t\t\t<\/div>\n\t\t\t\t<\/div>\n\t\t\t\t<div class=\"elementor-element elementor-element-e1901aa elementor-widget elementor-widget-text-editor\" data-id=\"e1901aa\" data-element_type=\"widget\" data-widget_type=\"text-editor.default\">\n\t\t\t\t<div class=\"elementor-widget-container\">\n\t\t\t\t\t\t\t\t\t<ul>\n<li>Eml\u0151r\u00e1k, mellr\u00e1ksz\u0171r\u00e9s<\/li>\n<li>M\u00e9hnyakr\u00e1k-sz\u0171r\u00e9s<\/li>\n<li>Chlamydia, gonorrhea vizsg\u00e1lat<\/li>\n<li>Laborvizsg\u00e1latok<\/li>\n<li>HPV kivizsg\u00e1l\u00e1sa \u00e9s olt\u00e1s<\/li>\n<\/ul>\n<p>Az id\u0151ben felismer\u00e9sre ker\u00fcl\u0151 betegs\u00e9gek nagyobb es\u00e9llyel gy\u00f3gy\u00edthat\u00f3k sz\u00f6v\u0151dm\u00e9nymentesen, vagy rendszeres kezel\u00e9ssel, gondoz\u00e1ssal megel\u0151zhet\u0151k a sz\u00f6v\u0151dm\u00e9nyek. Ne feledj\u00fck, a sz\u0171r\u0151vizsg\u00e1latok \u00e9letet menthetnek!<\/p>\n\t\t\t\t\t\t\t\t<\/div>\n\t\t\t\t<\/div>\n\t\t\t\t\t<\/div>\n\t\t<\/div>\n\t\t\t\t<div class=\"has_eae_slider elementor-column elementor-col-50 elementor-inner-column elementor-element elementor-element-51263e3\" data-eae-slider=\"4340\" data-id=\"51263e3\" data-element_type=\"column\">\n\t\t\t<div class=\"elementor-widget-wrap elementor-element-populated\">\n\t\t\t\t\t\t<div class=\"elementor-element elementor-element-f527c68 elementor-widget elementor-widget-image\" data-id=\"f527c68\" data-element_type=\"widget\" data-widget_type=\"image.default\">\n\t\t\t\t<div class=\"elementor-widget-container\">\n\t\t\t\t\t\t\t\t\t\t\t\t\t\t\t<img fetchpriority=\"high\" decoding=\"async\" width=\"800\" height=\"534\" src=\"https:\/\/ladybaby.sk\/wp-content\/uploads\/2022\/12\/ladybaby-urogynekologia-01-1024x683.jpg\" class=\"attachment-large size-large wp-image-2174\" alt=\"n\u0151gy\u00f3gy\u00e1szat gynekol\u00f3gia\" srcset=\"https:\/\/ladybaby.sk\/wp-content\/uploads\/2022\/12\/ladybaby-urogynekologia-01-1024x683.jpg 1024w, https:\/\/ladybaby.sk\/wp-content\/uploads\/2022\/12\/ladybaby-urogynekologia-01-300x200.jpg 300w, https:\/\/ladybaby.sk\/wp-content\/uploads\/2022\/12\/ladybaby-urogynekologia-01-768x512.jpg 768w, https:\/\/ladybaby.sk\/wp-content\/uploads\/2022\/12\/ladybaby-urogynekologia-01.jpg 1200w\" sizes=\"(max-width: 800px) 100vw, 800px\" title=\"\">\t\t\t\t\t\t\t\t\t\t\t\t\t\t\t<\/div>\n\t\t\t\t<\/div>\n\t\t\t\t\t<\/div>\n\t\t<\/div>\n\t\t\t\t\t<\/div>\n\t\t<\/section>\n\t\t\t\t\t<\/div>\n\t\t<\/div>\n\t\t\t\t\t<\/div>\n\t\t<\/section>\n\t\t\t\t<section class=\"has_eae_slider elementor-section elementor-top-section elementor-element elementor-element-66d34b1 elementor-section-boxed elementor-section-height-default elementor-section-height-default\" data-eae-slider=\"69894\" data-id=\"66d34b1\" data-element_type=\"section\" data-settings=\"{&quot;jet_parallax_layout_list&quot;:[]}\">\n\t\t\t\t\t\t<div class=\"elementor-container elementor-column-gap-default\">\n\t\t\t\t\t<div class=\"has_eae_slider elementor-column elementor-col-100 elementor-top-column elementor-element elementor-element-5d5d672\" data-eae-slider=\"12895\" data-id=\"5d5d672\" data-element_type=\"column\">\n\t\t\t<div class=\"elementor-widget-wrap elementor-element-populated\">\n\t\t\t\t\t\t<div class=\"elementor-element elementor-element-c60341e elementor-widget elementor-widget-text-editor\" data-id=\"c60341e\" data-element_type=\"widget\" data-widget_type=\"text-editor.default\">\n\t\t\t\t<div class=\"elementor-widget-container\">\n\t\t\t\t\t\t\t\t\t<h3><strong>N\u0151gy\u00f3gy\u00e1szati szakvizsg\u00e1lat, panasz eset\u00e9n<\/strong><\/h3><p>M\u00e1r megjelen\u0151 panasz eset\u00e9n sem kell r\u00f6gt\u00f6n p\u00e1nikba esni. Annak \u00e9rdek\u00e9ben viszont, hogy min\u00e9l koraibb f\u00e1zisban lehessen orvosolni a probl\u00e9m\u00e1t, a kezel\u0151orvos felkeres\u00e9se halaszthatatlan teend\u0151v\u00e9 v\u00e1lik. N\u0151gy\u00f3gy\u00e1szati szakvizsg\u00e1lat keret\u00e9ben az al\u00e1bbi vizsg\u00e1latok elv\u00e9gz\u00e9s\u00e9re ker\u00fclhet sor a panasz f\u00fcggv\u00e9ny\u00e9ben:<\/p>\t\t\t\t\t\t\t\t<\/div>\n\t\t\t\t<\/div>\n\t\t\t\t<section class=\"has_eae_slider elementor-section elementor-inner-section elementor-element elementor-element-3b56e4f elementor-section-full_width elementor-section-height-default elementor-section-height-default\" data-eae-slider=\"38678\" data-id=\"3b56e4f\" data-element_type=\"section\" data-settings=\"{&quot;jet_parallax_layout_list&quot;:[]}\">\n\t\t\t\t\t\t<div class=\"elementor-container elementor-column-gap-default\">\n\t\t\t\t\t<div class=\"has_eae_slider elementor-column elementor-col-50 elementor-inner-column elementor-element elementor-element-98a6b5b\" data-eae-slider=\"64615\" data-id=\"98a6b5b\" data-element_type=\"column\">\n\t\t\t<div class=\"elementor-widget-wrap elementor-element-populated\">\n\t\t\t\t\t\t<div class=\"elementor-element elementor-element-4318eae elementor-widget elementor-widget-text-editor\" data-id=\"4318eae\" data-element_type=\"widget\" data-widget_type=\"text-editor.default\">\n\t\t\t\t<div class=\"elementor-widget-container\">\n\t\t\t\t\t\t\t\t\t<ul>\n<li>Egy\u00e9ni \u00e9s csal\u00e1di k\u00f3rel\u0151zm\u00e9ny felv\u00e9tele<\/li>\n<li>N\u0151gy\u00f3gy\u00e1szati ultrahang vizsg\u00e1latok\n<ul>\n<li>h\u00fcvelyi ultrahang<\/li>\n<li>terhesgondoz\u00e1s keret\u00e9ben terhess\u00e9gi ultrahang<\/li>\n<\/ul>\n<\/li>\n<\/ul>\n<ul>\n<li>M\u00e9hnyakr\u00e1k sz\u0171r\u00e9s (cytol\u00f3gia)<\/li>\n<li>H\u00fcvelyv\u00e1lad\u00e9k mintav\u00e9tel<\/li>\n<li>Fizik\u00e1lis eml\u0151vizsg\u00e1lat<\/li>\n<li>Kolposzk\u00f3pia (h\u00fcvelyt\u00fckr\u00f6z\u00e9s)<\/li>\n<\/ul>\n\t\t\t\t\t\t\t\t<\/div>\n\t\t\t\t<\/div>\n\t\t\t\t\t<\/div>\n\t\t<\/div>\n\t\t\t\t<div class=\"has_eae_slider elementor-column elementor-col-50 elementor-inner-column elementor-element elementor-element-0d70506\" data-eae-slider=\"73248\" data-id=\"0d70506\" data-element_type=\"column\">\n\t\t\t<div class=\"elementor-widget-wrap elementor-element-populated\">\n\t\t\t\t\t\t<div class=\"elementor-element elementor-element-4510f82 elementor-widget elementor-widget-image\" data-id=\"4510f82\" data-element_type=\"widget\" data-widget_type=\"image.default\">\n\t\t\t\t<div class=\"elementor-widget-container\">\n\t\t\t\t\t\t\t\t\t\t\t\t\t\t\t<img decoding=\"async\" width=\"800\" height=\"466\" src=\"https:\/\/ladybaby.sk\/wp-content\/uploads\/2022\/12\/prevencia_3-1024x597.webp\" class=\"attachment-large size-large wp-image-2171\" alt=\"\" srcset=\"https:\/\/ladybaby.sk\/wp-content\/uploads\/2022\/12\/prevencia_3-1024x597.webp 1024w, https:\/\/ladybaby.sk\/wp-content\/uploads\/2022\/12\/prevencia_3-300x175.webp 300w, https:\/\/ladybaby.sk\/wp-content\/uploads\/2022\/12\/prevencia_3-768x448.webp 768w, https:\/\/ladybaby.sk\/wp-content\/uploads\/2022\/12\/prevencia_3.webp 1200w\" sizes=\"(max-width: 800px) 100vw, 800px\" title=\"\">\t\t\t\t\t\t\t\t\t\t\t\t\t\t\t<\/div>\n\t\t\t\t<\/div>\n\t\t\t\t\t<\/div>\n\t\t<\/div>\n\t\t\t\t\t<\/div>\n\t\t<\/section>\n\t\t\t\t\t<\/div>\n\t\t<\/div>\n\t\t\t\t\t<\/div>\n\t\t<\/section>\n\t\t\t\t<section class=\"has_eae_slider elementor-section elementor-top-section elementor-element elementor-element-67fc935 elementor-section-boxed elementor-section-height-default elementor-section-height-default\" data-eae-slider=\"89254\" data-id=\"67fc935\" data-element_type=\"section\" data-settings=\"{&quot;background_background&quot;:&quot;classic&quot;,&quot;jet_parallax_layout_list&quot;:[]}\">\n\t\t\t\t\t\t<div class=\"elementor-container elementor-column-gap-default\">\n\t\t\t\t\t<div class=\"has_eae_slider elementor-column elementor-col-100 elementor-top-column elementor-element elementor-element-07a12b5\" data-eae-slider=\"16711\" data-id=\"07a12b5\" data-element_type=\"column\" data-settings=\"{&quot;background_background&quot;:&quot;classic&quot;}\">\n\t\t\t<div class=\"elementor-widget-wrap elementor-element-populated\">\n\t\t\t\t\t\t<section class=\"has_eae_slider elementor-section elementor-inner-section elementor-element elementor-element-4401e04 elementor-section-boxed elementor-section-height-default elementor-section-height-default\" data-eae-slider=\"71672\" data-id=\"4401e04\" data-element_type=\"section\" data-settings=\"{&quot;jet_parallax_layout_list&quot;:[]}\">\n\t\t\t\t\t\t<div class=\"elementor-container elementor-column-gap-default\">\n\t\t\t\t\t<div class=\"has_eae_slider elementor-column elementor-col-100 elementor-inner-column elementor-element elementor-element-deb8453\" data-eae-slider=\"44258\" data-id=\"deb8453\" data-element_type=\"column\">\n\t\t\t<div class=\"elementor-widget-wrap elementor-element-populated\">\n\t\t\t\t\t\t<div class=\"elementor-element elementor-element-4a34f75 elementor-widget elementor-widget-text-editor\" data-id=\"4a34f75\" data-element_type=\"widget\" data-widget_type=\"text-editor.default\">\n\t\t\t\t<div class=\"elementor-widget-container\">\n\t\t\t\t\t\t\t\t\t<p><strong>A betegs\u00e9gre utal\u00f3 probl\u00e9m\u00e1k mellett az al\u00e1bbiakban is seg\u00edts\u00e9get ny\u00fajtunk:<\/strong><\/p>\n<ul>\n<li>Menstru\u00e1ci\u00f3s probl\u00e9m\u00e1k kezel\u00e9se<\/li>\n<li>Fogamz\u00e1sg\u00e1tl\u00e1s<\/li>\n<li>Medd\u0151s\u00e9g kezel\u00e9se<\/li>\n<li>Prenat\u00e1lis sz\u0171r\u00e9sek, melyekkel kider\u00edthet\u0151, a sz\u00fcl\u0151 mekkora kock\u00e1zattal \u00f6r\u00f6k\u00edti tov\u00e1bb az adott genetikai betegs\u00e9get j\u00f6vend\u0151 gyermek\u00e9re.<\/li>\n<li>V\u00e1ltoz\u00f3kori panaszok kezel\u00e9se<\/li>\n<\/ul>\n\t\t\t\t\t\t\t\t<\/div>\n\t\t\t\t<\/div>\n\t\t\t\t\t<\/div>\n\t\t<\/div>\n\t\t\t\t\t<\/div>\n\t\t<\/section>\n\t\t\t\t<div class=\"elementor-element elementor-element-fbe58f6 elementor-widget elementor-widget-text-editor\" data-id=\"fbe58f6\" data-element_type=\"widget\" data-widget_type=\"text-editor.default\">\n\t\t\t\t<div class=\"elementor-widget-container\">\n\t\t\t\t\t\t\t\t\t<p><em>Ne feledkezzen meg a rendszeres orvosi vizsg\u00e1latr\u00f3l! Jelentkezzen sz\u00fcl\u00e9sz-n\u0151gy\u00f3gy\u00e1sz orvosaink egyik\u00e9hez! Naprak\u00e9sz tud\u00e1ssal rendelkez\u0151 n\u0151gy\u00f3gy\u00e1szaink a konzult\u00e1ci\u00f3 sor\u00e1n k\u00e9szs\u00e9ggel seg\u00edtenek az \u00d6nnek legmegfelel\u0151bb megold\u00e1s megtal\u00e1l\u00e1sban.<\/em><\/p>\n\t\t\t\t\t\t\t\t<\/div>\n\t\t\t\t<\/div>\n\t\t\t\t\t<\/div>\n\t\t<\/div>\n\t\t\t\t\t<\/div>\n\t\t<\/section>\n\t\t\t\t<\/div>\n\t\t","protected":false},"excerpt":{"rendered":"<p>A n\u0151i szervezet a term\u00e9szet egyik val\u00f3di csod\u00e1ja. \u00c9ppen ez\u00e9rt k\u00f6telezt\u00fck el magunkat a n\u0151i szervezet v\u00e9delme mellett \u00e9s tesz\u00fcnk \u00e9rte a h\u00e9t minden napj\u00e1n. Legyen sz\u00f3 \u00e1ltal\u00e1nos n\u0151gy\u00f3gy\u00e1szati sz\u0171r\u0151vizsg\u00e1latokr\u00f3l vagy n\u0151gy\u00f3gy\u00e1szati kivizsg\u00e1l\u00e1sr\u00f3l \u00e9s kezel\u00e9sr\u0151l, hozz\u00e1nk bizalommal fordulhat. N\u0151gy\u00f3gy\u00e1szati sz\u0171r\u0151vizsg\u00e1latok A rendszeres n\u0151gy\u00f3gy\u00e1szati sz\u0171r\u0151vizsg\u00e1lat kiemelten fontos a n\u0151i eg\u00e9szs\u00e9g meg\u0151rz\u00e9s\u00e9nek c\u00e9lj\u00e1b\u00f3l, hiszen ezek els\u0151dleges c\u00e9lja [&hellip;]<\/p>\n","protected":false},"author":1,"featured_media":2174,"parent":0,"menu_order":0,"comment_status":"closed","ping_status":"closed","template":"","meta":{"_acf_changed":false,"inline_featured_image":false,"footnotes":""},"class_list":["post-2239","page","type-page","status-publish","has-post-thumbnail","hentry"],"acf":[],"_links":{"self":[{"href":"https:\/\/ladybaby.sk\/hu\/wp-json\/wp\/v2\/pages\/2239","targetHints":{"allow":["GET"]}}],"collection":[{"href":"https:\/\/ladybaby.sk\/hu\/wp-json\/wp\/v2\/pages"}],"about":[{"href":"https:\/\/ladybaby.sk\/hu\/wp-json\/wp\/v2\/types\/page"}],"author":[{"embeddable":true,"href":"https:\/\/ladybaby.sk\/hu\/wp-json\/wp\/v2\/users\/1"}],"replies":[{"embeddable":true,"href":"https:\/\/ladybaby.sk\/hu\/wp-json\/wp\/v2\/comments?post=2239"}],"version-history":[{"count":6,"href":"https:\/\/ladybaby.sk\/hu\/wp-json\/wp\/v2\/pages\/2239\/revisions"}],"predecessor-version":[{"id":2541,"href":"https:\/\/ladybaby.sk\/hu\/wp-json\/wp\/v2\/pages\/2239\/revisions\/2541"}],"wp:featuredmedia":[{"embeddable":true,"href":"https:\/\/ladybaby.sk\/hu\/wp-json\/wp\/v2\/media\/2174"}],"wp:attachment":[{"href":"https:\/\/ladybaby.sk\/hu\/wp-json\/wp\/v2\/media?parent=2239"}],"curies":[{"name":"wp","href":"https:\/\/api.w.org\/{rel}","templated":true}]}}