{"id":2231,"date":"2022-05-23T17:57:51","date_gmt":"2022-05-23T15:57:51","guid":{"rendered":"https:\/\/ladybaby.sk\/terhesgondozas\/"},"modified":"2023-05-19T16:07:08","modified_gmt":"2023-05-19T14:07:08","slug":"terhesgondozas","status":"publish","type":"page","link":"https:\/\/ladybaby.sk\/hu\/terhesgondozas\/","title":{"rendered":"Terhesgondoz\u00e1s"},"content":{"rendered":"\t\t<div data-elementor-type=\"wp-page\" data-elementor-id=\"2231\" class=\"elementor elementor-2231 elementor-104\" data-elementor-post-type=\"page\">\n\t\t\t\t\t\t<section class=\"has_eae_slider elementor-section elementor-top-section elementor-element elementor-element-cce698f elementor-section-boxed elementor-section-height-default elementor-section-height-default\" data-eae-slider=\"87996\" data-id=\"cce698f\" data-element_type=\"section\" data-settings=\"{&quot;jet_parallax_layout_list&quot;:[]}\">\n\t\t\t\t\t\t<div class=\"elementor-container elementor-column-gap-default\">\n\t\t\t\t\t<div class=\"has_eae_slider elementor-column elementor-col-100 elementor-top-column elementor-element elementor-element-589e91f\" data-eae-slider=\"84984\" data-id=\"589e91f\" data-element_type=\"column\">\n\t\t\t<div class=\"elementor-widget-wrap elementor-element-populated\">\n\t\t\t\t\t\t<div class=\"elementor-element elementor-element-b9dd38c elementor-widget elementor-widget-text-editor\" data-id=\"b9dd38c\" data-element_type=\"widget\" data-widget_type=\"text-editor.default\">\n\t\t\t\t<div class=\"elementor-widget-container\">\n\t\t\t\t\t\t\t\t\t<p><strong>Az els\u0151 \u00f6r\u00f6mteli pillanatt\u00f3l gyermeke sz\u00fclet\u00e9s\u00e9ig<\/strong><\/p>\n<p>Egy n\u0151 \u00e9let\u00e9nek leggy\u00f6ny\u00f6r\u0171bb id\u0151szaka, ha \u00e1ldott \u00e1llapotban v\u00e1rja gyermek\u00e9t. Ezen hossz\u00fa, v\u00e1rakoz\u00e1sokkal \u00e9s izgalmakkal teli id\u0151szakban fontos, hogy a kismama kiegyens\u00falyozottan \u00e9s biztons\u00e1gban \u00e9rezze mag\u00e1t, hiszen az \u00f6r\u00f6m mellett ez egy megterhel\u0151 id\u0151szak is a kismama szervezete sz\u00e1m\u00e1ra.<\/p>\n\t\t\t\t\t\t\t\t<\/div>\n\t\t\t\t<\/div>\n\t\t\t\t\t<\/div>\n\t\t<\/div>\n\t\t\t\t\t<\/div>\n\t\t<\/section>\n\t\t\t\t<section class=\"has_eae_slider elementor-section elementor-top-section elementor-element elementor-element-8f6b4cf elementor-section-boxed elementor-section-height-default elementor-section-height-default\" data-eae-slider=\"17751\" data-id=\"8f6b4cf\" data-element_type=\"section\" data-settings=\"{&quot;background_background&quot;:&quot;classic&quot;,&quot;jet_parallax_layout_list&quot;:[]}\">\n\t\t\t\t\t\t<div class=\"elementor-container elementor-column-gap-default\">\n\t\t\t\t\t<div class=\"has_eae_slider elementor-column elementor-col-100 elementor-top-column elementor-element elementor-element-cf70665\" data-eae-slider=\"67248\" data-id=\"cf70665\" data-element_type=\"column\" data-settings=\"{&quot;background_background&quot;:&quot;classic&quot;}\">\n\t\t\t<div class=\"elementor-widget-wrap elementor-element-populated\">\n\t\t\t\t\t\t<section class=\"has_eae_slider elementor-section elementor-inner-section elementor-element elementor-element-355d4ce elementor-section-full_width elementor-section-height-default elementor-section-height-default\" data-eae-slider=\"27475\" data-id=\"355d4ce\" data-element_type=\"section\" data-settings=\"{&quot;jet_parallax_layout_list&quot;:[]}\">\n\t\t\t\t\t\t<div class=\"elementor-container elementor-column-gap-default\">\n\t\t\t\t\t<div class=\"has_eae_slider elementor-column elementor-col-50 elementor-inner-column elementor-element elementor-element-bf92b48\" data-eae-slider=\"37618\" data-id=\"bf92b48\" data-element_type=\"column\">\n\t\t\t<div class=\"elementor-widget-wrap elementor-element-populated\">\n\t\t\t\t\t\t<div class=\"elementor-element elementor-element-c778049 elementor-widget elementor-widget-heading\" data-id=\"c778049\" data-element_type=\"widget\" data-widget_type=\"heading.default\">\n\t\t\t\t<div class=\"elementor-widget-container\">\n\t\t\t\t\t<h2 class=\"elementor-heading-title elementor-size-default\">Mi t\u00f6rt\u00e9nik a terhesgondoz\u00e1son?<\/h2>\t\t\t\t<\/div>\n\t\t\t\t<\/div>\n\t\t\t\t<div class=\"elementor-element elementor-element-6601b9b elementor-widget elementor-widget-text-editor\" data-id=\"6601b9b\" data-element_type=\"widget\" data-widget_type=\"text-editor.default\">\n\t\t\t\t<div class=\"elementor-widget-container\">\n\t\t\t\t\t\t\t\t\t<p>Rendel\u0151inkben nyugodt, csal\u00e1dias k\u00f6rnyezetet biztos\u00edtunk a j\u00f6vend\u0151beli anyuk\u00e1knak, ahol rugalmas id\u0151pontokban, ak\u00e1r v\u00e1rakoz\u00e1s n\u00e9lk\u00fcl is abszolv\u00e1lhatj\u00e1k a k\u00f6telez\u0151 \u00e9s szabadon v\u00e1lasztott vizsg\u00e1latokat. A terhesgondoz\u00e1s teljes id\u0151szak\u00e1ban megb\u00edzhat\u00f3 seg\u00edts\u00e9get ny\u00fajtunk a kismam\u00e1knak, a terhess\u00e9g meg\u00e1llap\u00edt\u00e1s\u00e1t\u00f3l a sz\u00fcl\u00e9sig.<\/p>\n\t\t\t\t\t\t\t\t<\/div>\n\t\t\t\t<\/div>\n\t\t\t\t\t<\/div>\n\t\t<\/div>\n\t\t\t\t<div class=\"has_eae_slider elementor-column elementor-col-50 elementor-inner-column elementor-element elementor-element-2ad4265\" data-eae-slider=\"74015\" data-id=\"2ad4265\" data-element_type=\"column\">\n\t\t\t<div class=\"elementor-widget-wrap elementor-element-populated\">\n\t\t\t\t\t\t<div class=\"elementor-element elementor-element-e40a661 elementor-widget elementor-widget-image\" data-id=\"e40a661\" data-element_type=\"widget\" data-widget_type=\"image.default\">\n\t\t\t\t<div class=\"elementor-widget-container\">\n\t\t\t\t\t\t\t\t\t\t\t\t\t\t\t<img fetchpriority=\"high\" decoding=\"async\" width=\"800\" height=\"534\" src=\"https:\/\/ladybaby.sk\/wp-content\/uploads\/2022\/12\/ladybaby-tehotenska-starostlivost-1024x683.jpg\" class=\"attachment-large size-large wp-image-2173\" alt=\"terhesgondoz\u00e1s\" srcset=\"https:\/\/ladybaby.sk\/wp-content\/uploads\/2022\/12\/ladybaby-tehotenska-starostlivost-1024x683.jpg 1024w, https:\/\/ladybaby.sk\/wp-content\/uploads\/2022\/12\/ladybaby-tehotenska-starostlivost-300x200.jpg 300w, https:\/\/ladybaby.sk\/wp-content\/uploads\/2022\/12\/ladybaby-tehotenska-starostlivost-768x512.jpg 768w, https:\/\/ladybaby.sk\/wp-content\/uploads\/2022\/12\/ladybaby-tehotenska-starostlivost.jpg 1200w\" sizes=\"(max-width: 800px) 100vw, 800px\" title=\"\">\t\t\t\t\t\t\t\t\t\t\t\t\t\t\t<\/div>\n\t\t\t\t<\/div>\n\t\t\t\t\t<\/div>\n\t\t<\/div>\n\t\t\t\t\t<\/div>\n\t\t<\/section>\n\t\t\t\t\t<\/div>\n\t\t<\/div>\n\t\t\t\t\t<\/div>\n\t\t<\/section>\n\t\t\t\t<section class=\"has_eae_slider elementor-section elementor-top-section elementor-element elementor-element-8fcf50e elementor-section-boxed elementor-section-height-default elementor-section-height-default\" data-eae-slider=\"73093\" data-id=\"8fcf50e\" data-element_type=\"section\" data-settings=\"{&quot;jet_parallax_layout_list&quot;:[]}\">\n\t\t\t\t\t\t<div class=\"elementor-container elementor-column-gap-default\">\n\t\t\t\t\t<div class=\"has_eae_slider elementor-column elementor-col-100 elementor-top-column elementor-element elementor-element-d595b85\" data-eae-slider=\"88491\" data-id=\"d595b85\" data-element_type=\"column\">\n\t\t\t<div class=\"elementor-widget-wrap elementor-element-populated\">\n\t\t\t\t\t\t<div class=\"elementor-element elementor-element-4dc524c elementor-widget elementor-widget-text-editor\" data-id=\"4dc524c\" data-element_type=\"widget\" data-widget_type=\"text-editor.default\">\n\t\t\t\t<div class=\"elementor-widget-container\">\n\t\t\t\t\t\t\t\t\t<p><strong>Szabadon v\u00e1laszthat\u00f3 \u00e9s k\u00f6telez\u0151 vizsg\u00e1latok terhesgondoz\u00e1s sor\u00e1n<\/strong><\/p>\n<p>Rendel\u0151nkben valamennyi, a v\u00e1rand\u00f3ss\u00e1g alatt k\u00f6telez\u0151en elv\u00e9gzend\u0151 vizsg\u00e1lat, valamint sz\u00e1mos opcion\u00e1lis sz\u0171r\u0151vizsg\u00e1lat is el\u00e9rhet\u0151. Tapasztalt \u00e9s empatikus n\u0151gy\u00f3gy\u00e1szaink \u00e1ltal elv\u00e9gzett rendszeres vizsg\u00e1latokkal \u00fcgyel\u00fcnk a kismama \u00e9s a baba eg\u00e9szs\u00e9g\u00e9re, a terhess\u00e9g teljes ideje alatt.<\/p>\n\t\t\t\t\t\t\t\t<\/div>\n\t\t\t\t<\/div>\n\t\t\t\t<div class=\"elementor-element elementor-element-0ed1e3e elementor-widget elementor-widget-toggle\" data-id=\"0ed1e3e\" data-element_type=\"widget\" data-widget_type=\"toggle.default\">\n\t\t\t\t<div class=\"elementor-widget-container\">\n\t\t\t\t\t\t\t<div class=\"elementor-toggle\">\n\t\t\t\t\t\t\t<div class=\"elementor-toggle-item\">\n\t\t\t\t\t<div id=\"elementor-tab-title-1551\" class=\"elementor-tab-title\" data-tab=\"1\" role=\"button\" aria-controls=\"elementor-tab-content-1551\" aria-expanded=\"false\">\n\t\t\t\t\t\t\t\t\t\t\t\t<span class=\"elementor-toggle-icon elementor-toggle-icon-right\" aria-hidden=\"true\">\n\t\t\t\t\t\t\t\t\t\t\t\t\t\t\t<span class=\"elementor-toggle-icon-closed\"><svg class=\"e-font-icon-svg e-fas-plus\" viewBox=\"0 0 448 512\" xmlns=\"http:\/\/www.w3.org\/2000\/svg\"><path d=\"M416 208H272V64c0-17.67-14.33-32-32-32h-32c-17.67 0-32 14.33-32 32v144H32c-17.67 0-32 14.33-32 32v32c0 17.67 14.33 32 32 32h144v144c0 17.67 14.33 32 32 32h32c17.67 0 32-14.33 32-32V304h144c17.67 0 32-14.33 32-32v-32c0-17.67-14.33-32-32-32z\"><\/path><\/svg><\/span>\n\t\t\t\t\t\t\t\t<span class=\"elementor-toggle-icon-opened\"><svg class=\"elementor-toggle-icon-opened e-font-icon-svg e-fas-times\" viewBox=\"0 0 352 512\" xmlns=\"http:\/\/www.w3.org\/2000\/svg\"><path d=\"M242.72 256l100.07-100.07c12.28-12.28 12.28-32.19 0-44.48l-22.24-22.24c-12.28-12.28-32.19-12.28-44.48 0L176 189.28 75.93 89.21c-12.28-12.28-32.19-12.28-44.48 0L9.21 111.45c-12.28 12.28-12.28 32.19 0 44.48L109.28 256 9.21 356.07c-12.28 12.28-12.28 32.19 0 44.48l22.24 22.24c12.28 12.28 32.2 12.28 44.48 0L176 322.72l100.07 100.07c12.28 12.28 32.2 12.28 44.48 0l22.24-22.24c12.28-12.28 12.28-32.19 0-44.48L242.72 256z\"><\/path><\/svg><\/span>\n\t\t\t\t\t\t\t\t\t\t\t\t\t<\/span>\n\t\t\t\t\t\t\t\t\t\t\t\t<a class=\"elementor-toggle-title\" tabindex=\"0\">Vizsg\u00e1latok az els\u0151 trimeszterben <\/a>\n\t\t\t\t\t<\/div>\n\n\t\t\t\t\t<div id=\"elementor-tab-content-1551\" class=\"elementor-tab-content elementor-clearfix\" data-tab=\"1\" role=\"region\" aria-labelledby=\"elementor-tab-title-1551\"><ul>\n<li>v\u00e9rk\u00e9p (hemoglobin, hematokrit, vvt indexek, feh\u00e9rv\u00e9rsejt sz\u00e1m, v\u00e9rlemezke sz\u00e1m, Se Kreatinin, KN, eGFR, SGOT, SGPT, SeBi; v\u00e9rcukor)<\/li>\n<li>vizelet (feh\u00e9rje, genny, cukor, aceton, UBG, \u00fcled\u00e9k)<\/li>\n<li>HBsAg sz\u0171r\u00e9s (Hepatitisz B v\u00edrus)<\/li>\n<li>VDRL sz\u0171r\u00e9s (szifilisz)<\/li>\n<li>v\u00e9rcsoport meghat\u00e1roz\u00e1s \u00e9s v\u00f6r\u00f6sv\u00e9rtest ellenanyagsz\u0171r\u00e9s<\/li>\n<li>genetikai ultrahang sz\u0171r\u0151vizsg\u00e1lat: 11-13. h\u00e9t<\/li>\n<li>genetikai tan\u00e1csad\u00e1s (fogamz\u00e1skor az anyuka 37. bet\u00f6lt\u00f6tt \u00e9let\u00e9v\u00e9t\u0151l kezdve), genetikai sz\u0171r\u0151vizsg\u00e1latok, prenat\u00e1lis tesztek<\/li>\n<\/ul>\n<\/div>\n\t\t\t\t<\/div>\n\t\t\t\t\t\t\t<div class=\"elementor-toggle-item\">\n\t\t\t\t\t<div id=\"elementor-tab-title-1552\" class=\"elementor-tab-title\" data-tab=\"2\" role=\"button\" aria-controls=\"elementor-tab-content-1552\" aria-expanded=\"false\">\n\t\t\t\t\t\t\t\t\t\t\t\t<span class=\"elementor-toggle-icon elementor-toggle-icon-right\" aria-hidden=\"true\">\n\t\t\t\t\t\t\t\t\t\t\t\t\t\t\t<span class=\"elementor-toggle-icon-closed\"><svg class=\"e-font-icon-svg e-fas-plus\" viewBox=\"0 0 448 512\" xmlns=\"http:\/\/www.w3.org\/2000\/svg\"><path d=\"M416 208H272V64c0-17.67-14.33-32-32-32h-32c-17.67 0-32 14.33-32 32v144H32c-17.67 0-32 14.33-32 32v32c0 17.67 14.33 32 32 32h144v144c0 17.67 14.33 32 32 32h32c17.67 0 32-14.33 32-32V304h144c17.67 0 32-14.33 32-32v-32c0-17.67-14.33-32-32-32z\"><\/path><\/svg><\/span>\n\t\t\t\t\t\t\t\t<span class=\"elementor-toggle-icon-opened\"><svg class=\"elementor-toggle-icon-opened e-font-icon-svg e-fas-times\" viewBox=\"0 0 352 512\" xmlns=\"http:\/\/www.w3.org\/2000\/svg\"><path d=\"M242.72 256l100.07-100.07c12.28-12.28 12.28-32.19 0-44.48l-22.24-22.24c-12.28-12.28-32.19-12.28-44.48 0L176 189.28 75.93 89.21c-12.28-12.28-32.19-12.28-44.48 0L9.21 111.45c-12.28 12.28-12.28 32.19 0 44.48L109.28 256 9.21 356.07c-12.28 12.28-12.28 32.19 0 44.48l22.24 22.24c12.28 12.28 32.2 12.28 44.48 0L176 322.72l100.07 100.07c12.28 12.28 32.2 12.28 44.48 0l22.24-22.24c12.28-12.28 12.28-32.19 0-44.48L242.72 256z\"><\/path><\/svg><\/span>\n\t\t\t\t\t\t\t\t\t\t\t\t\t<\/span>\n\t\t\t\t\t\t\t\t\t\t\t\t<a class=\"elementor-toggle-title\" tabindex=\"0\">Vizsg\u00e1latok a m\u00e1sodik trimeszterben<\/a>\n\t\t\t\t\t<\/div>\n\n\t\t\t\t\t<div id=\"elementor-tab-content-1552\" class=\"elementor-tab-content elementor-clearfix\" data-tab=\"2\" role=\"region\" aria-labelledby=\"elementor-tab-title-1552\"><ul>\n<li>genetikai ultrahang sz\u0171r\u0151vizsg\u00e1lat: 18\u201322. h\u00e9t<\/li>\n<li>terhel\u00e9ses v\u00e9rcukor vizsg\u00e1lat (\u00e9homi \u00e9s 75 g gluk\u00f3z fogyaszt\u00e1s ut\u00e1n 120 perccel): 24-28. h\u00e9t<\/li>\n<li>v\u00e9rk\u00e9p (hemoglobin, hematokrit, vvt indexek, feh\u00e9rv\u00e9rsejt sz\u00e1m, v\u00e9rlemezke sz\u00e1m): 24-28. h\u00e9t<\/li>\n<li>vizelet (feh\u00e9rje, genny, cukor, aceton, UBG, \u00fcled\u00e9k): 24-28. h\u00e9t<\/li>\n<\/ul>\n<\/div>\n\t\t\t\t<\/div>\n\t\t\t\t\t\t\t<div class=\"elementor-toggle-item\">\n\t\t\t\t\t<div id=\"elementor-tab-title-1553\" class=\"elementor-tab-title\" data-tab=\"3\" role=\"button\" aria-controls=\"elementor-tab-content-1553\" aria-expanded=\"false\">\n\t\t\t\t\t\t\t\t\t\t\t\t<span class=\"elementor-toggle-icon elementor-toggle-icon-right\" aria-hidden=\"true\">\n\t\t\t\t\t\t\t\t\t\t\t\t\t\t\t<span class=\"elementor-toggle-icon-closed\"><svg class=\"e-font-icon-svg e-fas-plus\" viewBox=\"0 0 448 512\" xmlns=\"http:\/\/www.w3.org\/2000\/svg\"><path d=\"M416 208H272V64c0-17.67-14.33-32-32-32h-32c-17.67 0-32 14.33-32 32v144H32c-17.67 0-32 14.33-32 32v32c0 17.67 14.33 32 32 32h144v144c0 17.67 14.33 32 32 32h32c17.67 0 32-14.33 32-32V304h144c17.67 0 32-14.33 32-32v-32c0-17.67-14.33-32-32-32z\"><\/path><\/svg><\/span>\n\t\t\t\t\t\t\t\t<span class=\"elementor-toggle-icon-opened\"><svg class=\"elementor-toggle-icon-opened e-font-icon-svg e-fas-times\" viewBox=\"0 0 352 512\" xmlns=\"http:\/\/www.w3.org\/2000\/svg\"><path d=\"M242.72 256l100.07-100.07c12.28-12.28 12.28-32.19 0-44.48l-22.24-22.24c-12.28-12.28-32.19-12.28-44.48 0L176 189.28 75.93 89.21c-12.28-12.28-32.19-12.28-44.48 0L9.21 111.45c-12.28 12.28-12.28 32.19 0 44.48L109.28 256 9.21 356.07c-12.28 12.28-12.28 32.19 0 44.48l22.24 22.24c12.28 12.28 32.2 12.28 44.48 0L176 322.72l100.07 100.07c12.28 12.28 32.2 12.28 44.48 0l22.24-22.24c12.28-12.28 12.28-32.19 0-44.48L242.72 256z\"><\/path><\/svg><\/span>\n\t\t\t\t\t\t\t\t\t\t\t\t\t<\/span>\n\t\t\t\t\t\t\t\t\t\t\t\t<a class=\"elementor-toggle-title\" tabindex=\"0\">Vizsg\u00e1latok a harmadik trimeszterben<\/a>\n\t\t\t\t\t<\/div>\n\n\t\t\t\t\t<div id=\"elementor-tab-content-1553\" class=\"elementor-tab-content elementor-clearfix\" data-tab=\"3\" role=\"region\" aria-labelledby=\"elementor-tab-title-1553\"><ul>\n<li>genetikai ultrahang sz\u0171r\u0151vizsg\u00e1lat: 30-32. h\u00e9t<\/li>\n<li>v\u00e9rk\u00e9p (hemoglobin, hematokrit, vvt indexek, feh\u00e9rv\u00e9rsejt sz\u00e1m, v\u00e9rlemezke sz\u00e1m), v\u00f6r\u00f6sv\u00e9rtest-ellenanyagsz\u0171r\u00e9s, Se, creatinin, KN, eGFR, SGOT, SGPT, SeBi: 36-37. h\u00e9t<\/li>\n<li>GBS-hemolitikus streptococcus B csoport sz\u0171r\u00e9se &#8211; h\u00fcvelykenet<\/li>\n<li>kardiotokogr\u00e1fos sz\u0171r\u0151vizsg\u00e1lat: 38., 39., 40. h\u00e9t (CTG\/NST vizsg\u00e1lat)<\/li>\n<\/ul>\n<\/div>\n\t\t\t\t<\/div>\n\t\t\t\t\t\t\t\t\t\t<script type=\"application\/ld+json\">{\"@context\":\"https:\\\/\\\/schema.org\",\"@type\":\"FAQPage\",\"mainEntity\":[{\"@type\":\"Question\",\"name\":\"Vizsg\\u00e1latok az els\\u0151 trimeszterben\",\"acceptedAnswer\":{\"@type\":\"Answer\",\"text\":\"<ul>\\n<li>v\\u00e9rk\\u00e9p (hemoglobin, hematokrit, vvt indexek, feh\\u00e9rv\\u00e9rsejt sz\\u00e1m, v\\u00e9rlemezke sz\\u00e1m, Se Kreatinin, KN, eGFR, SGOT, SGPT, SeBi; v\\u00e9rcukor)<\\\/li>\\n<li>vizelet (feh\\u00e9rje, genny, cukor, aceton, UBG, \\u00fcled\\u00e9k)<\\\/li>\\n<li>HBsAg sz\\u0171r\\u00e9s (Hepatitisz B v\\u00edrus)<\\\/li>\\n<li>VDRL sz\\u0171r\\u00e9s (szifilisz)<\\\/li>\\n<li>v\\u00e9rcsoport meghat\\u00e1roz\\u00e1s \\u00e9s v\\u00f6r\\u00f6sv\\u00e9rtest ellenanyagsz\\u0171r\\u00e9s<\\\/li>\\n<li>genetikai ultrahang sz\\u0171r\\u0151vizsg\\u00e1lat: 11-13. h\\u00e9t<\\\/li>\\n<li>genetikai tan\\u00e1csad\\u00e1s (fogamz\\u00e1skor az anyuka 37. bet\\u00f6lt\\u00f6tt \\u00e9let\\u00e9v\\u00e9t\\u0151l kezdve), genetikai sz\\u0171r\\u0151vizsg\\u00e1latok, prenat\\u00e1lis tesztek<\\\/li>\\n<\\\/ul>\\n\"}},{\"@type\":\"Question\",\"name\":\"Vizsg\\u00e1latok a m\\u00e1sodik trimeszterben\",\"acceptedAnswer\":{\"@type\":\"Answer\",\"text\":\"<ul>\\n<li>genetikai ultrahang sz\\u0171r\\u0151vizsg\\u00e1lat: 18\\u201322. h\\u00e9t<\\\/li>\\n<li>terhel\\u00e9ses v\\u00e9rcukor vizsg\\u00e1lat (\\u00e9homi \\u00e9s 75 g gluk\\u00f3z fogyaszt\\u00e1s ut\\u00e1n 120 perccel): 24-28. h\\u00e9t<\\\/li>\\n<li>v\\u00e9rk\\u00e9p (hemoglobin, hematokrit, vvt indexek, feh\\u00e9rv\\u00e9rsejt sz\\u00e1m, v\\u00e9rlemezke sz\\u00e1m): 24-28. h\\u00e9t<\\\/li>\\n<li>vizelet (feh\\u00e9rje, genny, cukor, aceton, UBG, \\u00fcled\\u00e9k): 24-28. h\\u00e9t<\\\/li>\\n<\\\/ul>\\n\"}},{\"@type\":\"Question\",\"name\":\"Vizsg\\u00e1latok a harmadik trimeszterben\",\"acceptedAnswer\":{\"@type\":\"Answer\",\"text\":\"<ul>\\n<li>genetikai ultrahang sz\\u0171r\\u0151vizsg\\u00e1lat: 30-32. h\\u00e9t<\\\/li>\\n<li>v\\u00e9rk\\u00e9p (hemoglobin, hematokrit, vvt indexek, feh\\u00e9rv\\u00e9rsejt sz\\u00e1m, v\\u00e9rlemezke sz\\u00e1m), v\\u00f6r\\u00f6sv\\u00e9rtest-ellenanyagsz\\u0171r\\u00e9s, Se, creatinin, KN, eGFR, SGOT, SGPT, SeBi: 36-37. h\\u00e9t<\\\/li>\\n<li>GBS-hemolitikus streptococcus B csoport sz\\u0171r\\u00e9se &#8211; h\\u00fcvelykenet<\\\/li>\\n<li>kardiotokogr\\u00e1fos sz\\u0171r\\u0151vizsg\\u00e1lat: 38., 39., 40. h\\u00e9t (CTG\\\/NST vizsg\\u00e1lat)<\\\/li>\\n<\\\/ul>\\n\"}}]}<\/script>\n\t\t\t\t\t<\/div>\n\t\t\t\t\t\t<\/div>\n\t\t\t\t<\/div>\n\t\t\t\t<div class=\"elementor-element elementor-element-560991a elementor-widget elementor-widget-text-editor\" data-id=\"560991a\" data-element_type=\"widget\" data-widget_type=\"text-editor.default\">\n\t\t\t\t<div class=\"elementor-widget-container\">\n\t\t\t\t\t\t\t\t\t<p><em>Jelentkezzen be nagy tapasztalattal rendelkez\u0151 sz\u00fcl\u00e9sz-n\u0151gy\u00f3gy\u00e1sz orvosaink egyik\u00e9hez, aki biztons\u00e1gos k\u00f6rnyezetben \u00e9s seg\u00edt\u0151k\u00e9sz hozz\u00e1\u00e1ll\u00e1ssal v\u00e1rja \u00d6nt!<\/em><\/p>\n\t\t\t\t\t\t\t\t<\/div>\n\t\t\t\t<\/div>\n\t\t<div class=\"has_eae_slider elementor-element elementor-element-75e1080 e-flex e-con-boxed e-con e-parent\" data-eae-slider=\"34062\" data-id=\"75e1080\" data-element_type=\"container\" data-settings=\"{&quot;jet_parallax_layout_list&quot;:[]}\">\n\t\t\t\t\t<div class=\"e-con-inner\">\n\t\t\t\t<div class=\"elementor-element elementor-element-76b808d elementor-widget__width-auto elementor-icon-list--layout-traditional elementor-list-item-link-full_width elementor-widget elementor-widget-icon-list\" data-id=\"76b808d\" data-element_type=\"widget\" data-widget_type=\"icon-list.default\">\n\t\t\t\t<div class=\"elementor-widget-container\">\n\t\t\t\t\t\t\t<ul class=\"elementor-icon-list-items\">\n\t\t\t\t\t\t\t<li class=\"elementor-icon-list-item\">\n\t\t\t\t\t\t\t\t\t\t\t<span class=\"elementor-icon-list-icon\">\n\t\t\t\t\t\t\t<svg aria-hidden=\"true\" class=\"e-font-icon-svg e-fas-info\" viewBox=\"0 0 192 512\" xmlns=\"http:\/\/www.w3.org\/2000\/svg\"><path d=\"M20 424.229h20V279.771H20c-11.046 0-20-8.954-20-20V212c0-11.046 8.954-20 20-20h112c11.046 0 20 8.954 20 20v212.229h20c11.046 0 20 8.954 20 20V492c0 11.046-8.954 20-20 20H20c-11.046 0-20-8.954-20-20v-47.771c0-11.046 8.954-20 20-20zM96 0C56.235 0 24 32.235 24 72s32.235 72 72 72 72-32.235 72-72S135.764 0 96 0z\"><\/path><\/svg>\t\t\t\t\t\t<\/span>\n\t\t\t\t\t\t\t\t\t\t<span class=\"elementor-icon-list-text\">3D \u00e9s 4D vizsg\u00e1lat, USB felv\u00e9tel lehet\u0151s\u00e9g.<\/span>\n\t\t\t\t\t\t\t\t\t<\/li>\n\t\t\t\t\t\t<\/ul>\n\t\t\t\t\t\t<\/div>\n\t\t\t\t<\/div>\n\t\t\t\t\t<\/div>\n\t\t\t\t<\/div>\n\t\t\t\t\t<\/div>\n\t\t<\/div>\n\t\t\t\t\t<\/div>\n\t\t<\/section>\n\t\t\t\t<\/div>\n\t\t","protected":false},"excerpt":{"rendered":"<p>Az els\u0151 \u00f6r\u00f6mteli pillanatt\u00f3l gyermeke sz\u00fclet\u00e9s\u00e9ig Egy n\u0151 \u00e9let\u00e9nek leggy\u00f6ny\u00f6r\u0171bb id\u0151szaka, ha \u00e1ldott \u00e1llapotban v\u00e1rja gyermek\u00e9t. Ezen hossz\u00fa, v\u00e1rakoz\u00e1sokkal \u00e9s izgalmakkal teli id\u0151szakban fontos, hogy a kismama kiegyens\u00falyozottan \u00e9s biztons\u00e1gban \u00e9rezze mag\u00e1t, hiszen az \u00f6r\u00f6m mellett ez egy megterhel\u0151 id\u0151szak is a kismama szervezete sz\u00e1m\u00e1ra. Mi t\u00f6rt\u00e9nik a terhesgondoz\u00e1son? Rendel\u0151inkben nyugodt, csal\u00e1dias k\u00f6rnyezetet biztos\u00edtunk a [&hellip;]<\/p>\n","protected":false},"author":1,"featured_media":0,"parent":0,"menu_order":0,"comment_status":"closed","ping_status":"closed","template":"","meta":{"_acf_changed":false,"inline_featured_image":false,"footnotes":""},"class_list":["post-2231","page","type-page","status-publish","hentry"],"acf":[],"_links":{"self":[{"href":"https:\/\/ladybaby.sk\/hu\/wp-json\/wp\/v2\/pages\/2231","targetHints":{"allow":["GET"]}}],"collection":[{"href":"https:\/\/ladybaby.sk\/hu\/wp-json\/wp\/v2\/pages"}],"about":[{"href":"https:\/\/ladybaby.sk\/hu\/wp-json\/wp\/v2\/types\/page"}],"author":[{"embeddable":true,"href":"https:\/\/ladybaby.sk\/hu\/wp-json\/wp\/v2\/users\/1"}],"replies":[{"embeddable":true,"href":"https:\/\/ladybaby.sk\/hu\/wp-json\/wp\/v2\/comments?post=2231"}],"version-history":[{"count":4,"href":"https:\/\/ladybaby.sk\/hu\/wp-json\/wp\/v2\/pages\/2231\/revisions"}],"predecessor-version":[{"id":2508,"href":"https:\/\/ladybaby.sk\/hu\/wp-json\/wp\/v2\/pages\/2231\/revisions\/2508"}],"wp:attachment":[{"href":"https:\/\/ladybaby.sk\/hu\/wp-json\/wp\/v2\/media?parent=2231"}],"curies":[{"name":"wp","href":"https:\/\/api.w.org\/{rel}","templated":true}]}}