{"id":2225,"date":"2022-05-23T17:59:02","date_gmt":"2022-05-23T15:59:02","guid":{"rendered":"https:\/\/ladybaby.sk\/szuleszet\/"},"modified":"2023-05-19T16:02:20","modified_gmt":"2023-05-19T14:02:20","slug":"szuleszet","status":"publish","type":"page","link":"https:\/\/ladybaby.sk\/hu\/szuleszet\/","title":{"rendered":"Sz\u00fcl\u00e9szet"},"content":{"rendered":"\t\t<div data-elementor-type=\"wp-page\" data-elementor-id=\"2225\" class=\"elementor elementor-2225 elementor-108\" data-elementor-post-type=\"page\">\n\t\t\t\t\t\t<section class=\"has_eae_slider elementor-section elementor-top-section elementor-element elementor-element-a46e90a elementor-section-boxed elementor-section-height-default elementor-section-height-default\" data-eae-slider=\"76693\" data-id=\"a46e90a\" data-element_type=\"section\" data-settings=\"{&quot;jet_parallax_layout_list&quot;:[]}\">\n\t\t\t\t\t\t<div class=\"elementor-container elementor-column-gap-default\">\n\t\t\t\t\t<div class=\"has_eae_slider elementor-column elementor-col-100 elementor-top-column elementor-element elementor-element-5c6bc1f\" data-eae-slider=\"976\" data-id=\"5c6bc1f\" data-element_type=\"column\">\n\t\t\t<div class=\"elementor-widget-wrap elementor-element-populated\">\n\t\t\t\t\t\t<div class=\"elementor-element elementor-element-1de9dad elementor-widget elementor-widget-text-editor\" data-id=\"1de9dad\" data-element_type=\"widget\" data-widget_type=\"text-editor.default\">\n\t\t\t\t<div class=\"elementor-widget-container\">\n\t\t\t\t\t\t\t\t\t<p>Egy gyermek vil\u00e1grahozatala \u00e9letre sz\u00f3l\u00f3 \u00e9lm\u00e9ny minden sz\u00fcl\u0151 sz\u00e1m\u00e1ra. A sz\u00fcl\u00e9s azonban nem csup\u00e1n az \u00f6nfeledt boldogs\u00e1gr\u00f3l sz\u00f3l, a kismama \u00e9s a baba sz\u00e1m\u00e1ra is egy megterhel\u0151 esem\u00e9ny. Ez\u00e9rt kifejezetten fontos, hogy anyuka \u00e9s gyermeke is biztons\u00e1gban \u00e9rezz\u00e9k magukat, hozz\u00e1\u00e9rt\u0151 kezek k\u00f6z\u00f6tt. Ez\u00e9rt orvosaink maxim\u00e1lis felk\u00e9sz\u00fclts\u00e9ggel \u00e9s emberk\u00f6zpont\u00fa filoz\u00f3fi\u00e1val \u00e1llnak rendelkez\u00e9sre.<\/p>\n\t\t\t\t\t\t\t\t<\/div>\n\t\t\t\t<\/div>\n\t\t\t\t\t<\/div>\n\t\t<\/div>\n\t\t\t\t\t<\/div>\n\t\t<\/section>\n\t\t\t\t<section class=\"has_eae_slider elementor-section elementor-top-section elementor-element elementor-element-c154f25 elementor-section-boxed elementor-section-height-default elementor-section-height-default\" data-eae-slider=\"60525\" data-id=\"c154f25\" data-element_type=\"section\" data-settings=\"{&quot;background_background&quot;:&quot;classic&quot;,&quot;jet_parallax_layout_list&quot;:[]}\">\n\t\t\t\t\t\t<div class=\"elementor-container elementor-column-gap-default\">\n\t\t\t\t\t<div class=\"has_eae_slider elementor-column elementor-col-100 elementor-top-column elementor-element elementor-element-4e2ed73\" data-eae-slider=\"95098\" data-id=\"4e2ed73\" data-element_type=\"column\" data-settings=\"{&quot;background_background&quot;:&quot;classic&quot;}\">\n\t\t\t<div class=\"elementor-widget-wrap elementor-element-populated\">\n\t\t\t\t\t\t<section class=\"has_eae_slider elementor-section elementor-inner-section elementor-element elementor-element-6f6c99c elementor-section-full_width elementor-section-height-default elementor-section-height-default\" data-eae-slider=\"3347\" data-id=\"6f6c99c\" data-element_type=\"section\" data-settings=\"{&quot;jet_parallax_layout_list&quot;:[]}\">\n\t\t\t\t\t\t<div class=\"elementor-container elementor-column-gap-default\">\n\t\t\t\t\t<div class=\"has_eae_slider elementor-column elementor-col-50 elementor-inner-column elementor-element elementor-element-10abc66\" data-eae-slider=\"88931\" data-id=\"10abc66\" data-element_type=\"column\">\n\t\t\t<div class=\"elementor-widget-wrap elementor-element-populated\">\n\t\t\t\t\t\t<div class=\"elementor-element elementor-element-26272ab elementor-widget elementor-widget-heading\" data-id=\"26272ab\" data-element_type=\"widget\" data-widget_type=\"heading.default\">\n\t\t\t\t<div class=\"elementor-widget-container\">\n\t\t\t\t\t<h3 class=\"elementor-heading-title elementor-size-default\">Sz\u00fcl\u00e9s \u00e9s sz\u00fcl\u00e9svezet\u00e9s<\/h3>\t\t\t\t<\/div>\n\t\t\t\t<\/div>\n\t\t\t\t<div class=\"elementor-element elementor-element-c68b27e elementor-widget elementor-widget-text-editor\" data-id=\"c68b27e\" data-element_type=\"widget\" data-widget_type=\"text-editor.default\">\n\t\t\t\t<div class=\"elementor-widget-container\">\n\t\t\t\t\t\t\t\t\t<p>A sz\u00fcl\u00e9s vezet\u00e9se (a szakmai el\u0151\u00edr\u00e1sokkal \u00f6sszhangban) a p\u00e1ciens szem\u00e9lyes ig\u00e9nyeit helyezz\u00fck el\u0151t\u00e9rbe, hiszen minden esetben az anya \u00e9s sz\u00fcletend\u0151 gyermek\u00e9nek biztons\u00e1ga \u00e9s eg\u00e9szs\u00e9ge az els\u0151. Fontosnak tartjuk p\u00e1cienseink biztons\u00e1g\u00e9rzet\u00e9t, ez\u00e9rt m\u00e1r a terhess\u00e9ggondoz\u00e1s sor\u00e1n, valamint a sz\u00fcl\u00e9s k\u00f6zben is j\u00f3l \u00e9rthet\u0151 t\u00e1j\u00e9koztat\u00e1st \u00e9s lelki t\u00e1mogat\u00e1st ny\u00fajtunk a kismam\u00e1knak. Orvosaink t\u00f6bb\u00e9ves szakmai h\u00e1tt\u00e9rrel \u00e9s sz\u00fcl\u00e9svezet\u00e9si tapasztalattal rendelkeznek, melynek k\u00f6sz\u00f6nhet\u0151en egyszerre k\u00e9pesek szakmais\u00e1got, biztons\u00e1got \u00e9s harm\u00f3ni\u00e1t biztos\u00edtani a kismam\u00e1nak a sz\u00fcl\u00e9s sor\u00e1n.<\/p>\n\t\t\t\t\t\t\t\t<\/div>\n\t\t\t\t<\/div>\n\t\t\t\t\t<\/div>\n\t\t<\/div>\n\t\t\t\t<div class=\"has_eae_slider elementor-column elementor-col-50 elementor-inner-column elementor-element elementor-element-cacc8e5\" data-eae-slider=\"40056\" data-id=\"cacc8e5\" data-element_type=\"column\">\n\t\t\t<div class=\"elementor-widget-wrap elementor-element-populated\">\n\t\t\t\t\t\t<div class=\"elementor-element elementor-element-0136741 elementor-widget elementor-widget-image\" data-id=\"0136741\" data-element_type=\"widget\" data-widget_type=\"image.default\">\n\t\t\t\t<div class=\"elementor-widget-container\">\n\t\t\t\t\t\t\t\t\t\t\t\t\t\t\t<img fetchpriority=\"high\" decoding=\"async\" width=\"800\" height=\"534\" src=\"https:\/\/ladybaby.sk\/wp-content\/uploads\/2022\/12\/ladybaby-porodnictvo-1024x683.jpg\" class=\"attachment-large size-large wp-image-2175\" alt=\"sz\u00fcl\u00e9szet\" srcset=\"https:\/\/ladybaby.sk\/wp-content\/uploads\/2022\/12\/ladybaby-porodnictvo-1024x683.jpg 1024w, https:\/\/ladybaby.sk\/wp-content\/uploads\/2022\/12\/ladybaby-porodnictvo-300x200.jpg 300w, https:\/\/ladybaby.sk\/wp-content\/uploads\/2022\/12\/ladybaby-porodnictvo-768x512.jpg 768w, https:\/\/ladybaby.sk\/wp-content\/uploads\/2022\/12\/ladybaby-porodnictvo.jpg 1200w\" sizes=\"(max-width: 800px) 100vw, 800px\" title=\"\">\t\t\t\t\t\t\t\t\t\t\t\t\t\t\t<\/div>\n\t\t\t\t<\/div>\n\t\t\t\t\t<\/div>\n\t\t<\/div>\n\t\t\t\t\t<\/div>\n\t\t<\/section>\n\t\t\t\t\t<\/div>\n\t\t<\/div>\n\t\t\t\t\t<\/div>\n\t\t<\/section>\n\t\t\t\t<section class=\"has_eae_slider elementor-section elementor-top-section elementor-element elementor-element-d75bd66 elementor-section-boxed elementor-section-height-default elementor-section-height-default\" data-eae-slider=\"4487\" data-id=\"d75bd66\" data-element_type=\"section\" data-settings=\"{&quot;background_background&quot;:&quot;classic&quot;,&quot;jet_parallax_layout_list&quot;:[]}\">\n\t\t\t\t\t\t<div class=\"elementor-container elementor-column-gap-default\">\n\t\t\t\t\t<div class=\"has_eae_slider elementor-column elementor-col-100 elementor-top-column elementor-element elementor-element-273ec40\" data-eae-slider=\"69010\" data-id=\"273ec40\" data-element_type=\"column\" data-settings=\"{&quot;background_background&quot;:&quot;classic&quot;}\">\n\t\t\t<div class=\"elementor-widget-wrap elementor-element-populated\">\n\t\t\t\t\t\t<div class=\"elementor-element elementor-element-052ddd6 elementor-widget elementor-widget-heading\" data-id=\"052ddd6\" data-element_type=\"widget\" data-widget_type=\"heading.default\">\n\t\t\t\t<div class=\"elementor-widget-container\">\n\t\t\t\t\t<h2 class=\"elementor-heading-title elementor-size-default\">\u0150ssejt \u2013 k\u00f6ld\u00f6kzsin\u00f3rv\u00e9r lev\u00e9tel<\/h2>\t\t\t\t<\/div>\n\t\t\t\t<\/div>\n\t\t\t\t<div class=\"elementor-element elementor-element-3820b21 elementor-widget elementor-widget-text-editor\" data-id=\"3820b21\" data-element_type=\"widget\" data-widget_type=\"text-editor.default\">\n\t\t\t\t<div class=\"elementor-widget-container\">\n\t\t\t\t\t\t\t\t\t<p>A korai magzati fejl\u0151d\u00e9s alatt az \u0151ssejtekb\u0151l alakulnak ki azok a speci\u00e1lis sejtek, amelyek a k\u00fcl\u00f6nb\u00f6z\u0151 szerveket alkotj\u00e1k majd. A specializ\u00e1l\u00f3dott sejtek elvesztik tov\u00e1bbi \u00e1talakul\u00f3 k\u00e9pess\u00e9g\u00fcket, \u00e1m a v\u00e9gleges, feln\u0151tt szervekben is maradnak \u00fagynevezett \u201esz\u00f6veti \u0151ssejtek\u201d. A sz\u00fcl\u00e9s sor\u00e1n lehet\u0151s\u00e9g van ezeknek az \u0151ssejteknek a lev\u00e9tel\u00e9re a k\u00f6ld\u00f6kzsin\u00f3rb\u00f3l \u00e9s k\u00e9s\u0151bbi felhaszn\u00e1l\u00e1sig t\u00e1rolni azokat.<\/p>\n<p><strong>Milyen betegs\u00e9gek sor\u00e1n haszn\u00e1lhat\u00f3 az \u0151ssejt?<\/strong><\/p>\n<p>Napjainkban a k\u00f6ld\u00f6kzsin\u00f3rv\u00e9r eredet\u0171 \u0151ssejteket transzplant\u00e1ci\u00f3s c\u00e9lra leggyakrabban a v\u00e9rk\u00e9pz\u0151rendszert vagy az immunrendszert \u00e9rint\u0151 betegs\u00e9gekben, valamint daganatos betegs\u00e9gek \u00e9s bizonyos anyagcsere-betegs\u00e9gek eset\u00e9n alkalmazz\u00e1k.<\/p>\n\t\t\t\t\t\t\t\t<\/div>\n\t\t\t\t<\/div>\n\t\t\t\t<div class=\"elementor-element elementor-element-09b3384 elementor-widget elementor-widget-image\" data-id=\"09b3384\" data-element_type=\"widget\" data-widget_type=\"image.default\">\n\t\t\t\t<div class=\"elementor-widget-container\">\n\t\t\t\t\t\t\t\t\t\t\t\t\t\t\t<img decoding=\"async\" width=\"768\" height=\"512\" src=\"https:\/\/ladybaby.sk\/wp-content\/uploads\/2023\/03\/pregnant-woman-stroking-her-belly-and-showing-ultr-2021-09-03-15-40-05-utc-Vlastne-768x512.jpg\" class=\"attachment-medium_large size-medium_large wp-image-2199\" alt=\"\" srcset=\"https:\/\/ladybaby.sk\/wp-content\/uploads\/2023\/03\/pregnant-woman-stroking-her-belly-and-showing-ultr-2021-09-03-15-40-05-utc-Vlastne-768x512.jpg 768w, https:\/\/ladybaby.sk\/wp-content\/uploads\/2023\/03\/pregnant-woman-stroking-her-belly-and-showing-ultr-2021-09-03-15-40-05-utc-Vlastne-300x200.jpg 300w, https:\/\/ladybaby.sk\/wp-content\/uploads\/2023\/03\/pregnant-woman-stroking-her-belly-and-showing-ultr-2021-09-03-15-40-05-utc-Vlastne-1024x683.jpg 1024w, https:\/\/ladybaby.sk\/wp-content\/uploads\/2023\/03\/pregnant-woman-stroking-her-belly-and-showing-ultr-2021-09-03-15-40-05-utc-Vlastne.jpg 1500w\" sizes=\"(max-width: 768px) 100vw, 768px\" title=\"\">\t\t\t\t\t\t\t\t\t\t\t\t\t\t\t<\/div>\n\t\t\t\t<\/div>\n\t\t\t\t<section class=\"has_eae_slider elementor-section elementor-inner-section elementor-element elementor-element-582ceb5 elementor-section-full_width elementor-section-height-default elementor-section-height-default\" data-eae-slider=\"23174\" data-id=\"582ceb5\" data-element_type=\"section\" data-settings=\"{&quot;jet_parallax_layout_list&quot;:[]}\">\n\t\t\t\t\t\t<div class=\"elementor-container elementor-column-gap-default\">\n\t\t\t\t\t<div class=\"has_eae_slider elementor-column elementor-col-50 elementor-inner-column elementor-element elementor-element-ee772f2\" data-eae-slider=\"25311\" data-id=\"ee772f2\" data-element_type=\"column\">\n\t\t\t<div class=\"elementor-widget-wrap elementor-element-populated\">\n\t\t\t\t\t\t<div class=\"elementor-element elementor-element-a0cc614 elementor-widget elementor-widget-text-editor\" data-id=\"a0cc614\" data-element_type=\"widget\" data-widget_type=\"text-editor.default\">\n\t\t\t\t<div class=\"elementor-widget-container\">\n\t\t\t\t\t\t\t\t\t<p><strong>Milyen egy\u00e9b el\u0151nye van a begy\u0171jt\u00f6tt k\u00f6ld\u00f6kzsin\u00f3rv\u00e9r \u0151ssejt-tartal\u00e9knak?<\/strong><\/p>\n<ul>\n<li>azonnal felhaszn\u00e1lhat\u00f3<\/li>\n<li>elker\u00fclhet\u0151 a donorkeres\u00e9si folyamat<\/li>\n<li>alkalmaz\u00e1sa sor\u00e1n ritk\u00e1bban l\u00e9p fel betegs\u00e9g, k\u00f6nnyen befogadja a szervezet a be\u00fcltetett sejteket<\/li>\n<\/ul>\n\t\t\t\t\t\t\t\t<\/div>\n\t\t\t\t<\/div>\n\t\t\t\t\t<\/div>\n\t\t<\/div>\n\t\t\t\t<div class=\"has_eae_slider elementor-column elementor-col-50 elementor-inner-column elementor-element elementor-element-9c89f54\" data-eae-slider=\"54505\" data-id=\"9c89f54\" data-element_type=\"column\">\n\t\t\t<div class=\"elementor-widget-wrap elementor-element-populated\">\n\t\t\t\t\t\t<div class=\"elementor-element elementor-element-a3b442a elementor-widget elementor-widget-text-editor\" data-id=\"a3b442a\" data-element_type=\"widget\" data-widget_type=\"text-editor.default\">\n\t\t\t\t<div class=\"elementor-widget-container\">\n\t\t\t\t\t\t\t\t\t<p><strong>Hogyan t\u00f6rt\u00e9nik a k\u00f6ld\u00f6kzsin\u00f3rv\u00e9r gy\u0171jt\u00e9se?<\/strong><\/p>\n<p>A k\u00f6ld\u00f6kzsin\u00f3rv\u00e9r lev\u00e9tele biztons\u00e1gos, kock\u00e1zatmentes \u00e9s teljesen f\u00e1jdalommentesen t\u00f6rt\u00e9nik. A k\u00f6ld\u00f6kzsin\u00f3rv\u00e9r-\u0151ssejt gy\u0171jt\u00e9se olyan szolg\u00e1ltat\u00e1s, amely mag\u00e1ban foglalja a k\u00f6ld\u00f6kzsin\u00f3rv\u00e9r minta kinyer\u00e9s\u00e9t \u00e9s t\u00e1rol\u00e1s\u00e1t:<\/p>\n<ul>\n<li>a mintav\u00e9telt a sz\u00fcl\u0151szob\u00e1n,<\/li>\n<li>a sz\u0171r\u0151vizsg\u00e1latok v\u00e9gz\u00e9s\u00e9t az \u00e9desany\u00e1t\u00f3l levett v\u00e9ren,<\/li>\n<li>a k\u00f6ld\u00f6kzsin\u00f3rv\u00e9r minta sz\u00e1ll\u00edt\u00e1s\u00e1t a feldolgoz\u00f3 laborat\u00f3riumba,<\/li>\n<li>a minta feldolgoz\u00e1s\u00e1t, fagyasztva t\u00e1rol\u00e1s\u00e1t \u00e9s v\u00e9rk\u00e9pz\u0151 \u0151ssejt-tartalm\u00e1nak meg\u00e1llap\u00edt\u00e1s\u00e1t.<\/li>\n<\/ul>\n\t\t\t\t\t\t\t\t<\/div>\n\t\t\t\t<\/div>\n\t\t\t\t\t<\/div>\n\t\t<\/div>\n\t\t\t\t\t<\/div>\n\t\t<\/section>\n\t\t\t\t\t<\/div>\n\t\t<\/div>\n\t\t\t\t\t<\/div>\n\t\t<\/section>\n\t\t\t\t<\/div>\n\t\t","protected":false},"excerpt":{"rendered":"<p>Egy gyermek vil\u00e1grahozatala \u00e9letre sz\u00f3l\u00f3 \u00e9lm\u00e9ny minden sz\u00fcl\u0151 sz\u00e1m\u00e1ra. A sz\u00fcl\u00e9s azonban nem csup\u00e1n az \u00f6nfeledt boldogs\u00e1gr\u00f3l sz\u00f3l, a kismama \u00e9s a baba sz\u00e1m\u00e1ra is egy megterhel\u0151 esem\u00e9ny. Ez\u00e9rt kifejezetten fontos, hogy anyuka \u00e9s gyermeke is biztons\u00e1gban \u00e9rezz\u00e9k magukat, hozz\u00e1\u00e9rt\u0151 kezek k\u00f6z\u00f6tt. Ez\u00e9rt orvosaink maxim\u00e1lis felk\u00e9sz\u00fclts\u00e9ggel \u00e9s emberk\u00f6zpont\u00fa filoz\u00f3fi\u00e1val \u00e1llnak rendelkez\u00e9sre. Sz\u00fcl\u00e9s \u00e9s sz\u00fcl\u00e9svezet\u00e9s A [&hellip;]<\/p>\n","protected":false},"author":1,"featured_media":0,"parent":0,"menu_order":0,"comment_status":"closed","ping_status":"closed","template":"","meta":{"_acf_changed":false,"inline_featured_image":false,"footnotes":""},"class_list":["post-2225","page","type-page","status-publish","hentry"],"acf":[],"_links":{"self":[{"href":"https:\/\/ladybaby.sk\/hu\/wp-json\/wp\/v2\/pages\/2225","targetHints":{"allow":["GET"]}}],"collection":[{"href":"https:\/\/ladybaby.sk\/hu\/wp-json\/wp\/v2\/pages"}],"about":[{"href":"https:\/\/ladybaby.sk\/hu\/wp-json\/wp\/v2\/types\/page"}],"author":[{"embeddable":true,"href":"https:\/\/ladybaby.sk\/hu\/wp-json\/wp\/v2\/users\/1"}],"replies":[{"embeddable":true,"href":"https:\/\/ladybaby.sk\/hu\/wp-json\/wp\/v2\/comments?post=2225"}],"version-history":[{"count":4,"href":"https:\/\/ladybaby.sk\/hu\/wp-json\/wp\/v2\/pages\/2225\/revisions"}],"predecessor-version":[{"id":2504,"href":"https:\/\/ladybaby.sk\/hu\/wp-json\/wp\/v2\/pages\/2225\/revisions\/2504"}],"wp:attachment":[{"href":"https:\/\/ladybaby.sk\/hu\/wp-json\/wp\/v2\/media?parent=2225"}],"curies":[{"name":"wp","href":"https:\/\/api.w.org\/{rel}","templated":true}]}}